{"id":11,"date":"2019-03-16T13:31:51","date_gmt":"2019-03-16T13:31:51","guid":{"rendered":"https:\/\/www.catv-sonar.hu\/new-site\/?page_id=11"},"modified":"2019-04-07T09:24:33","modified_gmt":"2019-04-07T09:24:33","slug":"magunkrol","status":"publish","type":"page","link":"https:\/\/www.itcube.hu\/index.php\/magunkrol\/","title":{"rendered":"R\u00f3lunk"},"content":{"rendered":"\t\t<div data-elementor-type=\"wp-post\" data-elementor-id=\"11\" class=\"elementor elementor-11\">\n\t\t\t\t\t\t<section class=\"elementor-section elementor-top-section elementor-element elementor-element-b3bb0be elementor-section-boxed elementor-section-height-default elementor-section-height-default\" data-id=\"b3bb0be\" data-element_type=\"section\" data-e-type=\"section\" data-settings=\"{&quot;background_background&quot;:&quot;classic&quot;}\">\n\t\t\t\t\t\t<div class=\"elementor-container elementor-column-gap-default\">\n\t\t\t\t\t<div class=\"elementor-column elementor-col-100 elementor-top-column elementor-element elementor-element-c0622de\" data-id=\"c0622de\" data-element_type=\"column\" data-e-type=\"column\">\n\t\t\t<div class=\"elementor-widget-wrap elementor-element-populated\">\n\t\t\t\t\t\t<div class=\"elementor-element elementor-element-6e6c5d4 elementor-widget elementor-widget-heading\" data-id=\"6e6c5d4\" data-element_type=\"widget\" data-e-type=\"widget\" data-widget_type=\"heading.default\">\n\t\t\t\t<div class=\"elementor-widget-container\">\n\t\t\t\t\t<h2 class=\"elementor-heading-title elementor-size-default\">R\u00f3lunk<\/h2>\t\t\t\t<\/div>\n\t\t\t\t<\/div>\n\t\t\t\t\t<\/div>\n\t\t<\/div>\n\t\t\t\t\t<\/div>\n\t\t<\/section>\n\t\t\t\t<section class=\"elementor-section elementor-top-section elementor-element elementor-element-27799f22 elementor-section-boxed elementor-section-height-default elementor-section-height-default\" data-id=\"27799f22\" data-element_type=\"section\" data-e-type=\"section\">\n\t\t\t\t\t\t<div class=\"elementor-container elementor-column-gap-default\">\n\t\t\t\t\t<div class=\"elementor-column elementor-col-100 elementor-top-column elementor-element elementor-element-2ba2f90c\" data-id=\"2ba2f90c\" data-element_type=\"column\" data-e-type=\"column\">\n\t\t\t<div class=\"elementor-widget-wrap elementor-element-populated\">\n\t\t\t\t\t\t<div class=\"elementor-element elementor-element-d40f6db elementor-widget elementor-widget-heading\" data-id=\"d40f6db\" data-element_type=\"widget\" data-e-type=\"widget\" data-widget_type=\"heading.default\">\n\t\t\t\t<div class=\"elementor-widget-container\">\n\t\t\t\t\t<h2 class=\"elementor-heading-title elementor-size-default\">Csak n\u00e9h\u00e1ny sz\u00f3ban...<\/h2>\t\t\t\t<\/div>\n\t\t\t\t<\/div>\n\t\t\t\t<section class=\"elementor-section elementor-inner-section elementor-element elementor-element-c633338 elementor-section-boxed elementor-section-height-default elementor-section-height-default\" data-id=\"c633338\" data-element_type=\"section\" data-e-type=\"section\">\n\t\t\t\t\t\t<div class=\"elementor-container elementor-column-gap-wide\">\n\t\t\t\t\t<div class=\"elementor-column elementor-col-50 elementor-inner-column elementor-element elementor-element-678c2f44\" data-id=\"678c2f44\" data-element_type=\"column\" data-e-type=\"column\">\n\t\t\t<div class=\"elementor-widget-wrap elementor-element-populated\">\n\t\t\t\t\t\t<div class=\"elementor-element elementor-element-1f0f76d elementor-widget elementor-widget-text-editor\" data-id=\"1f0f76d\" data-element_type=\"widget\" data-e-type=\"widget\" data-widget_type=\"text-editor.default\">\n\t\t\t\t<div class=\"elementor-widget-container\">\n\t\t\t\t\t\t\t\t\t<p>T\u00f6rt\u00e9net\u00fcnk 2001 elej\u00e9re ny\u00falik vissza, amikor partner\u00fcnk a KT-Electronic KFT \u00e1ltal sz\u00e1ll\u00edtott CMTS-ekhez sikeresen k\u00e9sz\u00edtett\u00fcnk fel\u00fcgyeleti szoftvert. Mivel az eredeti szoftver n\u00e9h\u00e1ny sz\u00e1z \u00fcgyf\u00e9l kiszolg\u00e1l\u00e1s\u00e1ra k\u00e9sz\u00fclt, l\u00e9p\u00e9st kellett tartanunk a folyamatosan b\u0151v\u00fcl\u0151 ig\u00e9nyekkel. 10 \u00e9v munk\u00e1ja gy\u00fcm\u00f6lcsek\u00e9nt mutathattuk be 2011 \u00e9v v\u00e9g\u00e9n a kor leg\u00fajabb technik\u00e1it haszn\u00e1l\u00f3 fel\u00fcgyeleti rendszer\u00fcnket, mely napjainkban t\u00f6bb ezer \u00fcgyf\u00e9l fel\u00fcgyelet\u00e9t, hibakezel\u00e9s\u00e9t bonyol\u00edtja le nap mint nap.<\/p><p><span style=\"font-size: 14px;\">\u00dcgyf\u00e9lk\u00f6r\u00fcnk folyamatos b\u0151v\u00fcl\u00e9se sz\u00fcks\u00e9gess\u00e9 tette szerkezeti \u00e1talakul\u00e1sunkat, \u00edgy 2012 elej\u00e9n megalap\u00edtottuk az ITCube Kft. ahol nemcsak a fejleszt\u0151k sz\u00e1ma b\u0151v\u00fclt, de \u00faj szolg\u00e1ltat\u00e1sokat is m\u00f3dunkban \u00e1llt ind\u00edtani. V\u00e1llalkoz\u00e1sunk c\u00e9lja a \u00fcgyfeleink folyamatos min\u0151s\u00e9g\u00fcgyi fejl\u0151d\u00e9s\u00e9nek jav\u00edt\u00e1sa, melyet ig\u00e9ny eset\u00e9n helysz\u00ednen folytatott oktat\u00e1sokkal igyeksz\u00fcnk seg\u00edteni.<\/span><\/p>\t\t\t\t\t\t\t\t<\/div>\n\t\t\t\t<\/div>\n\t\t\t\t\t<\/div>\n\t\t<\/div>\n\t\t\t\t<div class=\"elementor-column elementor-col-50 elementor-inner-column elementor-element elementor-element-75fe4d92\" data-id=\"75fe4d92\" data-element_type=\"column\" data-e-type=\"column\">\n\t\t\t<div class=\"elementor-widget-wrap elementor-element-populated\">\n\t\t\t\t\t\t<div class=\"elementor-element elementor-element-2f655b58 elementor-widget elementor-widget-text-editor\" data-id=\"2f655b58\" data-element_type=\"widget\" data-e-type=\"widget\" data-widget_type=\"text-editor.default\">\n\t\t\t\t<div class=\"elementor-widget-container\">\n\t\t\t\t\t\t\t\t\t<p>A folyamatos fejleszt\u00e9sek \u00e9s az egy egyedi megold\u00e1sok n\u00e9pszer\u0171s\u00e9g\u00e9t m\u00e1r nem csak Magyarorsz\u00e1gon, hanem nemzetk\u00f6zi szinten is felfedezt\u00e9k. Szolg\u00e1ltat\u00e1sainkat nyugat Eur\u00f3pa t\u00f6bb orsz\u00e1g\u00e1ban eljutott \u00e9s nagy figyelmet ford\u00edtunk a tov\u00e1bbi terjeszked\u00e9sre.\u00a0<\/p>\t\t\t\t\t\t\t\t<\/div>\n\t\t\t\t<\/div>\n\t\t\t\t\t<\/div>\n\t\t<\/div>\n\t\t\t\t\t<\/div>\n\t\t<\/section>\n\t\t\t\t\t<\/div>\n\t\t<\/div>\n\t\t\t\t\t<\/div>\n\t\t<\/section>\n\t\t\t\t<\/div>\n\t\t","protected":false},"excerpt":{"rendered":"<p>R\u00f3lunk Csak n\u00e9h\u00e1ny sz\u00f3ban&#8230; T\u00f6rt\u00e9net\u00fcnk 2001 elej\u00e9re ny\u00falik vissza, amikor partner\u00fcnk a KT-Electronic KFT \u00e1ltal sz\u00e1ll\u00edtott CMTS-ekhez sikeresen k\u00e9sz\u00edtett\u00fcnk fel\u00fcgyeleti szoftvert. Mivel az eredeti szoftver n\u00e9h\u00e1ny sz\u00e1z \u00fcgyf\u00e9l kiszolg\u00e1l\u00e1s\u00e1ra k\u00e9sz\u00fclt, l\u00e9p\u00e9st kellett tartanunk a folyamatosan b\u0151v\u00fcl\u0151 ig\u00e9nyekkel. 10 \u00e9v munk\u00e1ja gy\u00fcm\u00f6lcsek\u00e9nt mutathattuk be 2011 \u00e9v v\u00e9g\u00e9n a kor leg\u00fajabb technik\u00e1it haszn\u00e1l\u00f3 fel\u00fcgyeleti rendszer\u00fcnket, mely napjainkban [&hellip;]<\/p>\n","protected":false},"author":1,"featured_media":0,"parent":0,"menu_order":0,"comment_status":"closed","ping_status":"closed","template":"","meta":{"ocean_post_layout":"full-screen","ocean_both_sidebars_style":"","ocean_both_sidebars_content_width":0,"ocean_both_sidebars_sidebars_width":0,"ocean_sidebar":"0","ocean_second_sidebar":"0","ocean_disable_margins":"enable","ocean_add_body_class":"","ocean_shortcode_before_top_bar":"","ocean_shortcode_after_top_bar":"","ocean_shortcode_before_header":"","ocean_shortcode_after_header":"","ocean_has_shortcode":"","ocean_shortcode_after_title":"","ocean_shortcode_before_footer_widgets":"","ocean_shortcode_after_footer_widgets":"","ocean_shortcode_before_footer_bottom":"","ocean_shortcode_after_footer_bottom":"","ocean_display_top_bar":"default","ocean_display_header":"default","ocean_header_style":"","ocean_center_header_left_menu":"0","ocean_custom_header_template":"0","ocean_custom_logo":0,"ocean_custom_retina_logo":0,"ocean_custom_logo_max_width":0,"ocean_custom_logo_tablet_max_width":0,"ocean_custom_logo_mobile_max_width":0,"ocean_custom_logo_max_height":0,"ocean_custom_logo_tablet_max_height":0,"ocean_custom_logo_mobile_max_height":0,"ocean_header_custom_menu":"0","ocean_menu_typo_font_family":"0","ocean_menu_typo_font_subset":"","ocean_menu_typo_font_size":0,"ocean_menu_typo_font_size_tablet":0,"ocean_menu_typo_font_size_mobile":0,"ocean_menu_typo_font_size_unit":"px","ocean_menu_typo_font_weight":"","ocean_menu_typo_font_weight_tablet":"","ocean_menu_typo_font_weight_mobile":"","ocean_menu_typo_transform":"","ocean_menu_typo_transform_tablet":"","ocean_menu_typo_transform_mobile":"","ocean_menu_typo_line_height":0,"ocean_menu_typo_line_height_tablet":0,"ocean_menu_typo_line_height_mobile":0,"ocean_menu_typo_line_height_unit":"","ocean_menu_typo_spacing":0,"ocean_menu_typo_spacing_tablet":0,"ocean_menu_typo_spacing_mobile":0,"ocean_menu_typo_spacing_unit":"","ocean_menu_link_color":"","ocean_menu_link_color_hover":"","ocean_menu_link_color_active":"","ocean_menu_link_background":"","ocean_menu_link_hover_background":"","ocean_menu_link_active_background":"","ocean_menu_social_links_bg":"","ocean_menu_social_hover_links_bg":"","ocean_menu_social_links_color":"","ocean_menu_social_hover_links_color":"","ocean_disable_title":"on","ocean_disable_heading":"default","ocean_post_title":"","ocean_post_subheading":"","ocean_post_title_style":"","ocean_post_title_background_color":"","ocean_post_title_background":0,"ocean_post_title_bg_image_position":"","ocean_post_title_bg_image_attachment":"","ocean_post_title_bg_image_repeat":"","ocean_post_title_bg_image_size":"","ocean_post_title_height":0,"ocean_post_title_bg_overlay":0.5,"ocean_post_title_bg_overlay_color":"","ocean_disable_breadcrumbs":"default","ocean_breadcrumbs_color":"","ocean_breadcrumbs_separator_color":"","ocean_breadcrumbs_links_color":"","ocean_breadcrumbs_links_hover_color":"","ocean_display_footer_widgets":"default","ocean_display_footer_bottom":"default","ocean_custom_footer_template":"0","footnotes":""},"class_list":["post-11","page","type-page","status-publish","hentry","entry"],"_links":{"self":[{"href":"https:\/\/www.itcube.hu\/index.php\/wp-json\/wp\/v2\/pages\/11","targetHints":{"allow":["GET"]}}],"collection":[{"href":"https:\/\/www.itcube.hu\/index.php\/wp-json\/wp\/v2\/pages"}],"about":[{"href":"https:\/\/www.itcube.hu\/index.php\/wp-json\/wp\/v2\/types\/page"}],"author":[{"embeddable":true,"href":"https:\/\/www.itcube.hu\/index.php\/wp-json\/wp\/v2\/users\/1"}],"replies":[{"embeddable":true,"href":"https:\/\/www.itcube.hu\/index.php\/wp-json\/wp\/v2\/comments?post=11"}],"version-history":[{"count":55,"href":"https:\/\/www.itcube.hu\/index.php\/wp-json\/wp\/v2\/pages\/11\/revisions"}],"predecessor-version":[{"id":384,"href":"https:\/\/www.itcube.hu\/index.php\/wp-json\/wp\/v2\/pages\/11\/revisions\/384"}],"wp:attachment":[{"href":"https:\/\/www.itcube.hu\/index.php\/wp-json\/wp\/v2\/media?parent=11"}],"curies":[{"name":"wp","href":"https:\/\/api.w.org\/{rel}","templated":true}]}}