{"id":13,"date":"2019-03-16T13:32:21","date_gmt":"2019-03-16T13:32:21","guid":{"rendered":"http:\/\/www.catv-sonar.hu\/new-site\/?page_id=13"},"modified":"2019-04-07T09:25:55","modified_gmt":"2019-04-07T09:25:55","slug":"szolgaltatasaink","status":"publish","type":"page","link":"https:\/\/www.itcube.hu\/index.php\/szolgaltatasaink\/","title":{"rendered":"Szolg\u00e1ltat\u00e1saink"},"content":{"rendered":"\t\t<div data-elementor-type=\"wp-post\" data-elementor-id=\"13\" class=\"elementor elementor-13\">\n\t\t\t\t\t\t<section class=\"elementor-section elementor-top-section elementor-element elementor-element-2232791 elementor-section-boxed elementor-section-height-default elementor-section-height-default\" data-id=\"2232791\" data-element_type=\"section\" data-e-type=\"section\" data-settings=\"{&quot;background_background&quot;:&quot;classic&quot;}\">\n\t\t\t\t\t\t<div class=\"elementor-container elementor-column-gap-default\">\n\t\t\t\t\t<div class=\"elementor-column elementor-col-100 elementor-top-column elementor-element elementor-element-2fa34cff\" data-id=\"2fa34cff\" data-element_type=\"column\" data-e-type=\"column\">\n\t\t\t<div class=\"elementor-widget-wrap elementor-element-populated\">\n\t\t\t\t\t\t<div class=\"elementor-element elementor-element-198222c9 elementor-widget elementor-widget-heading\" data-id=\"198222c9\" data-element_type=\"widget\" data-e-type=\"widget\" data-widget_type=\"heading.default\">\n\t\t\t\t<div class=\"elementor-widget-container\">\n\t\t\t\t\t<h2 class=\"elementor-heading-title elementor-size-default\">Szolg\u00e1ltat\u00e1saink<\/h2>\t\t\t\t<\/div>\n\t\t\t\t<\/div>\n\t\t\t\t\t<\/div>\n\t\t<\/div>\n\t\t\t\t\t<\/div>\n\t\t<\/section>\n\t\t\t\t<section class=\"elementor-section elementor-top-section elementor-element elementor-element-20dbf093 elementor-section-boxed elementor-section-height-default elementor-section-height-default\" data-id=\"20dbf093\" data-element_type=\"section\" data-e-type=\"section\">\n\t\t\t\t\t\t<div class=\"elementor-container elementor-column-gap-default\">\n\t\t\t\t\t<div class=\"elementor-column elementor-col-100 elementor-top-column elementor-element elementor-element-7e868f22\" data-id=\"7e868f22\" data-element_type=\"column\" data-e-type=\"column\">\n\t\t\t<div class=\"elementor-widget-wrap elementor-element-populated\">\n\t\t\t\t\t\t<div class=\"elementor-element elementor-element-344ac602 elementor-widget elementor-widget-heading\" data-id=\"344ac602\" data-element_type=\"widget\" data-e-type=\"widget\" data-widget_type=\"heading.default\">\n\t\t\t\t<div class=\"elementor-widget-container\">\n\t\t\t\t\t<h3 class=\"elementor-heading-title elementor-size-large\">Ismerje meg szolg\u00e1ltat\u00e1sainkat<\/h3>\t\t\t\t<\/div>\n\t\t\t\t<\/div>\n\t\t\t\t<div class=\"elementor-element elementor-element-70658ce8 elementor-widget-divider--view-line elementor-widget elementor-widget-divider\" data-id=\"70658ce8\" data-element_type=\"widget\" data-e-type=\"widget\" data-widget_type=\"divider.default\">\n\t\t\t\t<div class=\"elementor-widget-container\">\n\t\t\t\t\t\t\t<div class=\"elementor-divider\">\n\t\t\t<span class=\"elementor-divider-separator\">\n\t\t\t\t\t\t<\/span>\n\t\t<\/div>\n\t\t\t\t\t\t<\/div>\n\t\t\t\t<\/div>\n\t\t\t\t<section class=\"elementor-section elementor-inner-section elementor-element elementor-element-364f9c0 elementor-section-boxed elementor-section-height-default elementor-section-height-default\" data-id=\"364f9c0\" data-element_type=\"section\" data-e-type=\"section\">\n\t\t\t\t\t\t<div class=\"elementor-container elementor-column-gap-wider\">\n\t\t\t\t\t<div class=\"elementor-column elementor-col-50 elementor-inner-column elementor-element elementor-element-2510148b\" data-id=\"2510148b\" data-element_type=\"column\" data-e-type=\"column\">\n\t\t\t<div class=\"elementor-widget-wrap elementor-element-populated\">\n\t\t\t\t\t\t<div class=\"elementor-element elementor-element-42fe3a48 elementor-position-left elementor-vertical-align-middle elementor-widget elementor-widget-image-box\" data-id=\"42fe3a48\" data-element_type=\"widget\" data-e-type=\"widget\" data-widget_type=\"image-box.default\">\n\t\t\t\t<div class=\"elementor-widget-container\">\n\t\t\t\t\t<div class=\"elementor-image-box-wrapper\"><figure class=\"elementor-image-box-img\"><img decoding=\"async\" width=\"128\" height=\"128\" src=\"https:\/\/www.itcube.hu\/wp-content\/uploads\/2019\/03\/1470399662_Marketing.png\" class=\"attachment-full size-full wp-image-172\" alt=\"\" \/><\/figure><div class=\"elementor-image-box-content\"><h3 class=\"elementor-image-box-title\">K\u00e1belTV h\u00e1l\u00f3zatfel\u00fcgyelet<\/h3><p class=\"elementor-image-box-description\">Saj\u00e1t fejleszt\u00e9s\u0171 h\u00e1l\u00f3zatfel\u00fcgyeleti rendszer\u00fcnkkel internet el\u0151fizet\u0151k t\u00edzezreinek biztos\u00edtunk stabil h\u00e1tteret. A CaTV-Sonar modul\u00e1ris kialak\u00edt\u00e1s\u00e1nak k\u00f6sz\u00f6nhet\u0151en szabadon b\u0151v\u00edthet\u0151, konfigur\u00e1lhat\u00f3 \u00fcgyfeleink egyedi ig\u00e9nyeire. Monitoroz\u00f3 megold\u00e1saink k\u00f6nny\u0171 \u00e9s gyors hibaelh\u00e1r\u00edt\u00e1st tesznek lehet\u0151v\u00e9, melyek m\u00e9lt\u00f3n v\u00edvt\u00e1k ki \u00fcgyfeleink el\u00e9gedetts\u00e9g\u00e9t. A n\u00f6vekv\u0151 ig\u00e9nyek kapcs\u00e1n fel\u00fcgyeleti rendszer\u00fcnket nyelvi t\u00e1mogat\u00e1ssal l\u00e1ttuk el, melyet t\u00f6bb orsz\u00e1gban sikerrel haszn\u00e1lnak.<br><br><\/p><\/div><\/div>\t\t\t\t<\/div>\n\t\t\t\t<\/div>\n\t\t\t\t<div class=\"elementor-element elementor-element-49fba6ab elementor-position-left elementor-vertical-align-middle elementor-widget elementor-widget-image-box\" data-id=\"49fba6ab\" data-element_type=\"widget\" data-e-type=\"widget\" data-widget_type=\"image-box.default\">\n\t\t\t\t<div class=\"elementor-widget-container\">\n\t\t\t\t\t<div class=\"elementor-image-box-wrapper\"><figure class=\"elementor-image-box-img\"><img decoding=\"async\" width=\"128\" height=\"128\" src=\"https:\/\/www.itcube.hu\/wp-content\/uploads\/2019\/03\/1470399671_SEO.png\" class=\"attachment-full size-full wp-image-173\" alt=\"\" \/><\/figure><div class=\"elementor-image-box-content\"><h3 class=\"elementor-image-box-title\">IP h\u00e1l\u00f3zat fel\u00fcgyelet<\/h3><p class=\"elementor-image-box-description\">Ha nem szeretne rendszergazd\u00e1t alkalmazni, de szeretn\u00e9 adatait biztons\u00e1gban tudni, forduljon hozz\u00e1nk bels\u0151 h\u00e1l\u00f3zata fel\u00fcgyelet\u00e9nek ell\u00e1t\u00e1s\u00e1\u00e9rt. Seg\u00edts\u00e9g\u00fcnk \u00f6nnek bels\u0151 h\u00e1l\u00f3zat\u00e1nak megtervez\u00e9s\u00e9ben \u00e9s ak\u00e1r annak kivitelez\u00e9s\u00e9ben. Folyamatos fel\u00fcgyelet\u00fcnkkel megsz\u0171nnek a nem tervezett le\u00e1ll\u00e1sok, a v\u00e1ratlan esem\u00e9nyeket pedig gyors reakci\u00f3 id\u0151vel h\u00e1r\u00edtjuk el.<\/p><\/div><\/div>\t\t\t\t<\/div>\n\t\t\t\t<\/div>\n\t\t\t\t<div class=\"elementor-element elementor-element-4cce84e8 elementor-position-left elementor-vertical-align-middle elementor-widget elementor-widget-image-box\" data-id=\"4cce84e8\" data-element_type=\"widget\" data-e-type=\"widget\" data-widget_type=\"image-box.default\">\n\t\t\t\t<div class=\"elementor-widget-container\">\n\t\t\t\t\t<div class=\"elementor-image-box-wrapper\"><figure class=\"elementor-image-box-img\"><img decoding=\"async\" width=\"128\" height=\"128\" src=\"https:\/\/www.itcube.hu\/wp-content\/uploads\/2019\/03\/1470399715_E-Commerce.png\" class=\"attachment-full size-full wp-image-174\" alt=\"\" \/><\/figure><div class=\"elementor-image-box-content\"><h3 class=\"elementor-image-box-title\">Szerverfel\u00fcgyelet<\/h3><p class=\"elementor-image-box-description\">Ne legyen gondja szervereire, mi megoldjuk annak biztons\u00e1gos \u00fczemeltet\u00e9s\u00e9t. Oper\u00e1ci\u00f3s rendszert\u0151l f\u00fcggetlen\u00fcl v\u00e1llaljuk 15 \u00e9v rendszer \u00fczemeltet\u0151i tapasztalattal levelez\u0151, WEB, applik\u00e1ci\u00f3 szervereinek fel\u00fcgyelet\u00e9t.<\/p><\/div><\/div>\t\t\t\t<\/div>\n\t\t\t\t<\/div>\n\t\t\t\t\t<\/div>\n\t\t<\/div>\n\t\t\t\t<div class=\"elementor-column elementor-col-50 elementor-inner-column elementor-element elementor-element-5203a286\" data-id=\"5203a286\" data-element_type=\"column\" data-e-type=\"column\">\n\t\t\t<div class=\"elementor-widget-wrap elementor-element-populated\">\n\t\t\t\t\t\t<div class=\"elementor-element elementor-element-4cc3095f elementor-position-left elementor-vertical-align-middle elementor-widget elementor-widget-image-box\" data-id=\"4cc3095f\" data-element_type=\"widget\" data-e-type=\"widget\" data-widget_type=\"image-box.default\">\n\t\t\t\t<div class=\"elementor-widget-container\">\n\t\t\t\t\t<div class=\"elementor-image-box-wrapper\"><figure class=\"elementor-image-box-img\"><img loading=\"lazy\" decoding=\"async\" width=\"128\" height=\"128\" src=\"https:\/\/www.itcube.hu\/wp-content\/uploads\/2019\/03\/1470399674_App_Development.png\" class=\"attachment-full size-full wp-image-175\" alt=\"\" \/><\/figure><div class=\"elementor-image-box-content\"><h3 class=\"elementor-image-box-title\">Biztons\u00e1gos munkak\u00f6rnyezet kialak\u00edt\u00e1sa<\/h3><p class=\"elementor-image-box-description\">\u00d6sszek\u00f6tj\u00fck telephelyeit kihaszn\u00e1lva az Internet adta lehet\u0151s\u00e9geket, melyek megk\u00f6nny\u00edtik a napi szint\u0171 adatcser\u00e9t. Amellett, hogy az adatfolyamokat titkos\u00edtjuk, igyeksz\u00fcnk k\u00f6lts\u00e9ghat\u00e9kony elj\u00e1r\u00e1sokkal visszaadni a fel\u00e9nk t\u00e1pl\u00e1lt bizalmat, amely v\u00e1llalkoz\u00e1s\u00e1nak k\u00f6lts\u00e9geit a t\u00f6red\u00e9k\u00e9re cs\u00f6kkenthetik. Telephelyei k\u00f6z\u00f6tt biztos\u00edtunk ingyenes telefon \/ vide\u00f3 h\u00edv\u00e1sokat, konferenci\u00e1kat, ig\u00e9ny eset\u00e9n seg\u00edts\u00e9get ny\u00fajtunk megfigyel\u0151rendszerek telep\u00edt\u00e9s\u00e9ben.<\/p><\/div><\/div>\t\t\t\t<\/div>\n\t\t\t\t<\/div>\n\t\t\t\t<div class=\"elementor-element elementor-element-534925d7 elementor-position-left elementor-vertical-align-middle elementor-widget elementor-widget-image-box\" data-id=\"534925d7\" data-element_type=\"widget\" data-e-type=\"widget\" data-widget_type=\"image-box.default\">\n\t\t\t\t<div class=\"elementor-widget-container\">\n\t\t\t\t\t<div class=\"elementor-image-box-wrapper\"><figure class=\"elementor-image-box-img\"><img loading=\"lazy\" decoding=\"async\" width=\"128\" height=\"128\" src=\"https:\/\/www.itcube.hu\/wp-content\/uploads\/2019\/03\/1470399656_Branding.png\" class=\"attachment-full size-full wp-image-177\" alt=\"\" \/><\/figure><div class=\"elementor-image-box-content\"><h3 class=\"elementor-image-box-title\">Rendszertervez\u00e9s<\/h3><p class=\"elementor-image-box-description\">Vegye ig\u00e9nybe seg\u00edts\u00e9g\u00fcnket rendszere \u00e1tszervez\u00e9s\u00e9ben. A n\u00f6vekv\u0151 konkurencia harcban elker\u00fclhetetlen, hogy h\u00e1l\u00f3zat\u00e1t az el\u00e9rhet\u0151 legkorszer\u0171bb illetve a legk\u00f6lts\u00e9ghat\u00e9konyabb m\u00f3dszerekkel fejlessze. Naprak\u00e9sz megold\u00e1sokkal optimaliz\u00e1ljuk rendszer\u00e9t, felhaszn\u00e1lva a mindennapi tapasztalatainkat.<br><\/p><\/div><\/div>\t\t\t\t<\/div>\n\t\t\t\t<\/div>\n\t\t\t\t<div class=\"elementor-element elementor-element-39b83e2a elementor-position-left elementor-vertical-align-middle elementor-widget elementor-widget-image-box\" data-id=\"39b83e2a\" data-element_type=\"widget\" data-e-type=\"widget\" data-widget_type=\"image-box.default\">\n\t\t\t\t<div class=\"elementor-widget-container\">\n\t\t\t\t\t<div class=\"elementor-image-box-wrapper\"><figure class=\"elementor-image-box-img\"><img loading=\"lazy\" decoding=\"async\" width=\"128\" height=\"128\" src=\"https:\/\/www.itcube.hu\/wp-content\/uploads\/2019\/03\/1470399667_Newsletter.png\" class=\"attachment-full size-full wp-image-176\" alt=\"\" \/><\/figure><div class=\"elementor-image-box-content\"><h3 class=\"elementor-image-box-title\">Oktat\u00e1s<\/h3><p class=\"elementor-image-box-description\">Vegye ig\u00e9nybe fels\u0151fok\u00fa v\u00e9gzetts\u00e9ggel rendelkez\u0151 koll\u00e9g\u00e1ink tapasztalat\u00e1t \u00e9s tegye k\u00f6nnyebb\u00e9 v\u00e1llalkoz\u00e1sa \u00e9let\u00e9t ismeretei b\u0151v\u00edt\u00e9s\u00e9vel. Alkalmazottai oktat\u00e1s\u00e1val k\u00f6nnyed\u00e9n reduk\u00e1lhatja a jav\u00edt\u00e1si id\u0151ket, valamit nagyobb r\u00e1l\u00e1t\u00e1sa lehet technikai \u00f6sszef\u00fcgg\u00e9sekre, amelyek eddig megkeser\u00edtett\u00e9k \u00e9let\u00e9t.<\/p><\/div><\/div>\t\t\t\t<\/div>\n\t\t\t\t<\/div>\n\t\t\t\t\t<\/div>\n\t\t<\/div>\n\t\t\t\t\t<\/div>\n\t\t<\/section>\n\t\t\t\t\t<\/div>\n\t\t<\/div>\n\t\t\t\t\t<\/div>\n\t\t<\/section>\n\t\t\t\t<\/div>\n\t\t","protected":false},"excerpt":{"rendered":"<p>Szolg\u00e1ltat\u00e1saink Ismerje meg szolg\u00e1ltat\u00e1sainkat K\u00e1belTV h\u00e1l\u00f3zatfel\u00fcgyelet Saj\u00e1t fejleszt\u00e9s\u0171 h\u00e1l\u00f3zatfel\u00fcgyeleti rendszer\u00fcnkkel internet el\u0151fizet\u0151k t\u00edzezreinek biztos\u00edtunk stabil h\u00e1tteret. A CaTV-Sonar modul\u00e1ris kialak\u00edt\u00e1s\u00e1nak k\u00f6sz\u00f6nhet\u0151en szabadon b\u0151v\u00edthet\u0151, konfigur\u00e1lhat\u00f3 \u00fcgyfeleink egyedi ig\u00e9nyeire. Monitoroz\u00f3 megold\u00e1saink k\u00f6nny\u0171 \u00e9s gyors hibaelh\u00e1r\u00edt\u00e1st tesznek lehet\u0151v\u00e9, melyek m\u00e9lt\u00f3n v\u00edvt\u00e1k ki \u00fcgyfeleink el\u00e9gedetts\u00e9g\u00e9t. A n\u00f6vekv\u0151 ig\u00e9nyek kapcs\u00e1n fel\u00fcgyeleti rendszer\u00fcnket nyelvi t\u00e1mogat\u00e1ssal l\u00e1ttuk el, melyet t\u00f6bb orsz\u00e1gban sikerrel [&hellip;]<\/p>\n","protected":false},"author":1,"featured_media":0,"parent":0,"menu_order":0,"comment_status":"closed","ping_status":"closed","template":"","meta":{"ocean_post_layout":"full-screen","ocean_both_sidebars_style":"","ocean_both_sidebars_content_width":0,"ocean_both_sidebars_sidebars_width":0,"ocean_sidebar":"0","ocean_second_sidebar":"0","ocean_disable_margins":"enable","ocean_add_body_class":"","ocean_shortcode_before_top_bar":"","ocean_shortcode_after_top_bar":"","ocean_shortcode_before_header":"","ocean_shortcode_after_header":"","ocean_has_shortcode":"","ocean_shortcode_after_title":"","ocean_shortcode_before_footer_widgets":"","ocean_shortcode_after_footer_widgets":"","ocean_shortcode_before_footer_bottom":"","ocean_shortcode_after_footer_bottom":"","ocean_display_top_bar":"default","ocean_display_header":"default","ocean_header_style":"","ocean_center_header_left_menu":"0","ocean_custom_header_template":"0","ocean_custom_logo":0,"ocean_custom_retina_logo":0,"ocean_custom_logo_max_width":0,"ocean_custom_logo_tablet_max_width":0,"ocean_custom_logo_mobile_max_width":0,"ocean_custom_logo_max_height":0,"ocean_custom_logo_tablet_max_height":0,"ocean_custom_logo_mobile_max_height":0,"ocean_header_custom_menu":"0","ocean_menu_typo_font_family":"0","ocean_menu_typo_font_subset":"","ocean_menu_typo_font_size":0,"ocean_menu_typo_font_size_tablet":0,"ocean_menu_typo_font_size_mobile":0,"ocean_menu_typo_font_size_unit":"px","ocean_menu_typo_font_weight":"","ocean_menu_typo_font_weight_tablet":"","ocean_menu_typo_font_weight_mobile":"","ocean_menu_typo_transform":"","ocean_menu_typo_transform_tablet":"","ocean_menu_typo_transform_mobile":"","ocean_menu_typo_line_height":0,"ocean_menu_typo_line_height_tablet":0,"ocean_menu_typo_line_height_mobile":0,"ocean_menu_typo_line_height_unit":"","ocean_menu_typo_spacing":0,"ocean_menu_typo_spacing_tablet":0,"ocean_menu_typo_spacing_mobile":0,"ocean_menu_typo_spacing_unit":"","ocean_menu_link_color":"","ocean_menu_link_color_hover":"","ocean_menu_link_color_active":"","ocean_menu_link_background":"","ocean_menu_link_hover_background":"","ocean_menu_link_active_background":"","ocean_menu_social_links_bg":"","ocean_menu_social_hover_links_bg":"","ocean_menu_social_links_color":"","ocean_menu_social_hover_links_color":"","ocean_disable_title":"on","ocean_disable_heading":"default","ocean_post_title":"","ocean_post_subheading":"","ocean_post_title_style":"","ocean_post_title_background_color":"","ocean_post_title_background":0,"ocean_post_title_bg_image_position":"","ocean_post_title_bg_image_attachment":"","ocean_post_title_bg_image_repeat":"","ocean_post_title_bg_image_size":"","ocean_post_title_height":0,"ocean_post_title_bg_overlay":0.5,"ocean_post_title_bg_overlay_color":"","ocean_disable_breadcrumbs":"default","ocean_breadcrumbs_color":"","ocean_breadcrumbs_separator_color":"","ocean_breadcrumbs_links_color":"","ocean_breadcrumbs_links_hover_color":"","ocean_display_footer_widgets":"default","ocean_display_footer_bottom":"default","ocean_custom_footer_template":"0","footnotes":""},"class_list":["post-13","page","type-page","status-publish","hentry","entry"],"_links":{"self":[{"href":"https:\/\/www.itcube.hu\/index.php\/wp-json\/wp\/v2\/pages\/13","targetHints":{"allow":["GET"]}}],"collection":[{"href":"https:\/\/www.itcube.hu\/index.php\/wp-json\/wp\/v2\/pages"}],"about":[{"href":"https:\/\/www.itcube.hu\/index.php\/wp-json\/wp\/v2\/types\/page"}],"author":[{"embeddable":true,"href":"https:\/\/www.itcube.hu\/index.php\/wp-json\/wp\/v2\/users\/1"}],"replies":[{"embeddable":true,"href":"https:\/\/www.itcube.hu\/index.php\/wp-json\/wp\/v2\/comments?post=13"}],"version-history":[{"count":20,"href":"https:\/\/www.itcube.hu\/index.php\/wp-json\/wp\/v2\/pages\/13\/revisions"}],"predecessor-version":[{"id":388,"href":"https:\/\/www.itcube.hu\/index.php\/wp-json\/wp\/v2\/pages\/13\/revisions\/388"}],"wp:attachment":[{"href":"https:\/\/www.itcube.hu\/index.php\/wp-json\/wp\/v2\/media?parent=13"}],"curies":[{"name":"wp","href":"https:\/\/api.w.org\/{rel}","templated":true}]}}